{"id":288,"date":"2012-07-17T08:30:13","date_gmt":"2012-07-17T08:30:13","guid":{"rendered":"http:\/\/dev.amazingospelchoir.com\/?page_id=288"},"modified":"2013-04-26T13:59:14","modified_gmt":"2013-04-26T13:59:14","slug":"un-progetto-per-le-missioni","status":"publish","type":"page","link":"http:\/\/www.amazingospelchoir.com\/?page_id=288","title":{"rendered":"Un progetto per le missioni"},"content":{"rendered":"<div><center><a href=\"http:\/\/www.amazingospelchoir.com\/wp-content\/uploads\/2013\/03\/P.-Giovanni-con-gli-studenti.jpg\"><img loading=\"lazy\" decoding=\"async\" class=\"bordered wp-image-591 aligncenter\" style=\"margin-left: 15px; margin-right: 15px; margin-bottom: 20px; text-align: center;\" title=\"P. Giovanni con gli studenti\" src=\"http:\/\/www.amazingospelchoir.com\/wp-content\/uploads\/2013\/03\/P.-Giovanni-con-gli-studenti.jpg\" alt=\"\" width=\"500\" height=\"333\" srcset=\"http:\/\/www.amazingospelchoir.com\/wp-content\/uploads\/2013\/03\/P.-Giovanni-con-gli-studenti.jpg 1181w, http:\/\/www.amazingospelchoir.com\/wp-content\/uploads\/2013\/03\/P.-Giovanni-con-gli-studenti-650x433.jpg 650w, http:\/\/www.amazingospelchoir.com\/wp-content\/uploads\/2013\/03\/P.-Giovanni-con-gli-studenti-1024x682.jpg 1024w\" sizes=\"auto, (max-width: 500px) 100vw, 500px\" \/><\/a><\/center><\/div>\n<h5>Un progetto per le missioni<\/h5>\n<p>Fin dalla nascita l&#8217;Amazing Gospel Choir ha scelto di perseguire progetti di solidarieta&#8217;, devolvendo la quasi totalita&#8217; delle entrate in favore di persone meno fortunate.<br \/>\nEcco che sono nate nel gruppo le idee che tutti hanno accolto con gioia, di allietare anziani nelle case di riposo, di visitare e cantare per gli ammalati, di organizzare concerti, nel limite del possibile, all&#8217;interno di strutture penitenziarie.<\/p>\n<p>Ma soprattutto l&#8217;amicizia con Padre Gianni Girardi, missionario comboniano di origine estense, ci ha spinti ad avere una particolare attenzione verso le missioni, in particolare verso i progetti da lui promossi. Cos\u00ec negli anni scorsi lo abbiamo aiutato a costruire una scuola a Lomin, in Sud Sudan.<br \/>\nEd ecco poi che nel 2012 ci \u00e8 arrivata la splendida notizia, anche se cos\u00ec piccola, che grazie al nostro sostegno un villaggio intero potr\u00e0 bere acqua pulita grazie ad un pozzo&#8230;l&#8217;Amazing Gospel Pozzo.<\/p>\n<h5 style=\"padding-top: 15px;\">Comunicazioni<\/h5>\n<p>Ecco per intero la comunicazione pi\u00f9 bella che ci abbia mai dato Padre Gianni, con tutta la commozione che essa porta con se.<\/p>\n<blockquote><p>Caro Gianni (NDR: il nostro president), un saluto e un augurio di ogni bene a te e al coro. Quando le cose si fanno bene e sono frutto di sacrifici allora si fa Arte e la gente segue. Vi conosco e so quanti sacrifici fate per arrivare a questo livello. Siete bravi e poi bravi e bravi ancora.<br \/>\nIo ho sempre amato la musica e soprattutto i cori che con arte ti fanno pregustare il paradiso. Auguri per l&#8217; imminente tour natalizio che certamente sar\u00e0 un successo.<br \/>\nTi prego di ringraziare il coro per l&#8217;offerta a favore di questi nostri fratelli e sorelle meno fortunati. I soldi verranno impiegati per trivellare un pozzo in un villaggio qui vicino: &#8220;Panakol&#8221;. Ancor oggi bevono l&#8217;acqua dalle pozzanghere. Questo pozzo eliminer\u00e0 per il 50% le malattie provocate dall&#8217;acqua putrida e stagnante dei fossi. Il pozzo porter\u00e0 il vostro nome: Amazing &#8211; Este.<br \/>\nTermino benedicendo tutti voi e quanti portate nel cuore.<\/p>\n<p>Vostro missionario Giovanni Girardi da Barghel<\/p><\/blockquote>\n<p>[contentdivider]<\/p>\n<p>&nbsp;<\/p>\n<p style=\"text-align: center;\"><a href=\"http:\/\/www.amazingospelchoir.com\/?our-portfolio=padre-gianni-e-gli-studenti\"><img loading=\"lazy\" decoding=\"async\" class=\"bordered wp-image-387 aligncenter\" style=\"margin-left: 60px; margin-right: 100px;\" title=\"Padre Gianni\" src=\"\/wp-content\/uploads\/2012\/07\/PadreGianni.jpg\" alt=\"\" width=\"400\" height=\"301\" align=\"middle\" \/><\/a><br \/>\n[contentdivider]<\/p>\n<h5>Padre Gianni e le sue opere<\/h5>\n<p>Attualmente Padre Gianni si trova nella zona Bar-Ghel, vicino alla localit\u00e0 Ceoebet sempre in Sudan. In questo posto dovr\u00e0 nascere un&#8217;altra scuola di arte e mestieri (muratura, falegnameria, meccanica, agricoltura) in favore dei giovani del Sud Sudan.<\/p>\n<p>Ci scrive un amico, durante un viaggio in quelle zone:<\/p>\n<blockquote>\n<p style=\"text-align: left;\">La gente sta ritornando dai campi profughi dal Kenya e Uganda e si stabilisce dove c\u2019\u00e8 spazio. Non c\u2019\u00e8 niente in Sudan, tutto \u00e8 importato dal vicino Kenya o Uganda, persino la valuta.<br \/>\nPerfino fino il petrolio, di cui il Sudan \u00e8 produttore, \u00e8 difficile alcuni bimbida trovare, se non a prezzi esorbitanti. La povert\u00e0 la vedi dappertutto e la senti nella pelle. La situazione \u00e8 quella di un paese appena uscito dalla guerra che cerca una sua identit\u00e0 ed un riscatto dopo anni di sopraffazioni da parte delle milizie arabe di Kartoum<\/p>\n<\/blockquote>\n<p style=\"text-align: right;\"><a href=\"http:\/\/www.comboni.org\/\" target=\"_blank\">&#8230;Sito dei missionari comboniani<\/a><br \/>\n<a href=\"http:\/\/www.combonisouthsudan.org\/\" target=\"_blank\">&#8230;Comboni nel Sud Sudan<\/a><\/p>\n","protected":false},"excerpt":{"rendered":"<p>Un progetto per le missioni Fin dalla nascita l&#8217;Amazing Gospel Choir ha scelto di perseguire progetti di solidarieta&#8217;, devolvendo la quasi totalita&#8217; delle entrate in favore di persone meno fortunate. Ecco che sono nate nel gruppo le idee che tutti hanno accolto con gioia, di allietare anziani nelle case di riposo, di visitare e cantare &hellip; <\/p>\n<p class=\"link-more\"><a href=\"http:\/\/www.amazingospelchoir.com\/?page_id=288\" class=\"more-link\">Leggi tutto<span class=\"screen-reader-text\"> &#8220;Un progetto per le missioni&#8221;<\/span><\/a><\/p>\n","protected":false},"author":1,"featured_media":395,"parent":276,"menu_order":0,"comment_status":"open","ping_status":"open","template":"contentpage.php","meta":{"footnotes":""},"class_list":["post-288","page","type-page","status-publish","has-post-thumbnail","hentry"],"_links":{"self":[{"href":"http:\/\/www.amazingospelchoir.com\/index.php?rest_route=\/wp\/v2\/pages\/288","targetHints":{"allow":["GET"]}}],"collection":[{"href":"http:\/\/www.amazingospelchoir.com\/index.php?rest_route=\/wp\/v2\/pages"}],"about":[{"href":"http:\/\/www.amazingospelchoir.com\/index.php?rest_route=\/wp\/v2\/types\/page"}],"author":[{"embeddable":true,"href":"http:\/\/www.amazingospelchoir.com\/index.php?rest_route=\/wp\/v2\/users\/1"}],"replies":[{"embeddable":true,"href":"http:\/\/www.amazingospelchoir.com\/index.php?rest_route=%2Fwp%2Fv2%2Fcomments&post=288"}],"version-history":[{"count":112,"href":"http:\/\/www.amazingospelchoir.com\/index.php?rest_route=\/wp\/v2\/pages\/288\/revisions"}],"predecessor-version":[{"id":295,"href":"http:\/\/www.amazingospelchoir.com\/index.php?rest_route=\/wp\/v2\/pages\/288\/revisions\/295"}],"up":[{"embeddable":true,"href":"http:\/\/www.amazingospelchoir.com\/index.php?rest_route=\/wp\/v2\/pages\/276"}],"wp:featuredmedia":[{"embeddable":true,"href":"http:\/\/www.amazingospelchoir.com\/index.php?rest_route=\/wp\/v2\/media\/395"}],"wp:attachment":[{"href":"http:\/\/www.amazingospelchoir.com\/index.php?rest_route=%2Fwp%2Fv2%2Fmedia&parent=288"}],"curies":[{"name":"wp","href":"https:\/\/api.w.org\/{rel}","templated":true}]}}